{"id":493060,"date":"2026-04-08T18:39:05","date_gmt":"2026-04-08T16:39:05","guid":{"rendered":"https:\/\/e-learningwaldorf.de\/?page_id=493060"},"modified":"2026-04-28T15:45:20","modified_gmt":"2026-04-28T13:45:20","slug":"new-waldorflernt","status":"publish","type":"page","link":"https:\/\/e-learningwaldorf.de\/en\/new-waldorflernt\/","title":{"rendered":"#waldorflernt"},"content":{"rendered":"\n<p><strong>hybrid, digital<\/strong><\/p>\n\n\n\n<h2 class=\"wp-block-heading\"><strong>Zeitgem\u00e4\u00dfe Formen des Lehrens und Lernens<\/strong><\/h2>\n\n\n\n<h2 class=\"wp-block-heading\"><strong>analog, hybrid, digital<\/strong><\/h2>\n\n\n\n<h2 class=\"wp-block-heading\"><strong>Zeitgem\u00e4\u00dfe Formen des Lehrens und Lernens<\/strong><\/h2>\n\n\n\n<h2 class=\"wp-block-heading\"><strong>analog, hybrid, digital<\/strong><\/h2>\n\n\n\n<h2 class=\"wp-block-heading\"><strong>Zeitgem\u00e4\u00dfe Formen des Lehrens und Lernens<\/strong><\/h2>\n\n\n\n<h2 class=\"wp-block-heading\"><strong>#waldorflernt: analog, hybrid, digital<\/strong><\/h2>\n\n\n\n<h2 class=\"wp-block-heading\"><strong>Zeitgem\u00e4\u00dfe Formen des Lehrens und Lernens<\/strong><\/h2>\n\n\n\n<h2 class=\"wp-block-heading\"><strong>#waldorflernt: analog, hybrid, digital<\/strong><\/h2>\n\n\n\n<h2 class=\"wp-block-heading\"><strong>Zeitgem\u00e4\u00dfe Formen des Lehrens und Lernens<\/strong><\/h2>\n\n\n\n<h2 class=\"wp-block-heading\"><strong>#waldorflernt: analog, hybrid, digital<\/strong><\/h2>\n\n\n\n<h2 class=\"wp-block-heading\"><strong>Zeitgem\u00e4\u00dfe Formen des Lehrens und Lernens<\/strong><\/h2>\n","protected":false},"excerpt":{"rendered":"<p>hybrid, digital Zeitgem\u00e4\u00dfe Formen des Lehrens und Lernens analog, hybrid, digital Zeitgem\u00e4\u00dfe Formen des Lehrens und Lernens analog, hybrid, digital [&hellip;]<\/p>\n","protected":false},"author":11568,"featured_media":487983,"parent":0,"menu_order":0,"comment_status":"closed","ping_status":"closed","template":"","meta":{"_price":"","_stock":"","_tribe_ticket_header":"","_tribe_default_ticket_provider":"","_tribe_ticket_capacity":"0","_ticket_start_date":"","_ticket_end_date":"","_tribe_ticket_show_description":"","_tribe_ticket_show_not_going":false,"_tribe_ticket_use_global_stock":"","_tribe_ticket_global_stock_level":"","_global_stock_mode":"","_global_stock_cap":"","_tribe_rsvp_for_event":"","_tribe_ticket_going_count":"","_tribe_ticket_not_going_count":"","_tribe_tickets_list":"[]","_tribe_ticket_has_attendee_info_fields":false,"footnotes":"","_tec_slr_enabled":"","_tec_slr_layout":""},"class_list":["post-493060","page","type-page","status-publish","has-post-thumbnail","hentry"],"ticketed":false,"_links":{"self":[{"href":"https:\/\/e-learningwaldorf.de\/en\/wp-json\/wp\/v2\/pages\/493060","targetHints":{"allow":["GET"]}}],"collection":[{"href":"https:\/\/e-learningwaldorf.de\/en\/wp-json\/wp\/v2\/pages"}],"about":[{"href":"https:\/\/e-learningwaldorf.de\/en\/wp-json\/wp\/v2\/types\/page"}],"author":[{"embeddable":true,"href":"https:\/\/e-learningwaldorf.de\/en\/wp-json\/wp\/v2\/users\/11568"}],"replies":[{"embeddable":true,"href":"https:\/\/e-learningwaldorf.de\/en\/wp-json\/wp\/v2\/comments?post=493060"}],"version-history":[{"count":0,"href":"https:\/\/e-learningwaldorf.de\/en\/wp-json\/wp\/v2\/pages\/493060\/revisions"}],"wp:featuredmedia":[{"embeddable":true,"href":"https:\/\/e-learningwaldorf.de\/en\/wp-json\/wp\/v2\/media\/487983"}],"wp:attachment":[{"href":"https:\/\/e-learningwaldorf.de\/en\/wp-json\/wp\/v2\/media?parent=493060"}],"curies":[{"name":"wp","href":"https:\/\/api.w.org\/{rel}","templated":true}]}}